{"id":13,"date":"2016-01-05T22:35:59","date_gmt":"2016-01-05T21:35:59","guid":{"rendered":"https:\/\/host11.ssl-secured.eu\/technofluid_at\/wp\/?page_id=13"},"modified":"2016-08-11T19:14:39","modified_gmt":"2016-08-11T17:14:39","slug":"ott-1","status":"publish","type":"page","link":"https:\/\/www.technofluid.at\/?page_id=13","title":{"rendered":"OTT Produkte"},"content":{"rendered":"<p style=\"text-align: center;\">Die Firma OTT in Langenhagen stellt seit mehr als 25 Jahren <strong>MAGNUM\u00ae<\/strong> und<br \/>\n<strong>STANDARD<\/strong><strong>\u00ae<\/strong> Membranrohrbel\u00fcfter sowie <strong>FLEXNORM\u00ae<\/strong> und <strong>FLEXSIL\u00ae<\/strong> Membranen her.<\/p>\n<p style=\"text-align: center;\">Mit den neuesten Entwicklungen wie <strong>AIRREX-Rohrleitungssysteme <\/strong>und<strong> D-REX &#8211; Tellerbel\u00fcfter<br \/>\nmit FLEXLON-Membranen <\/strong>wurde unser Angebot f\u00fcr hochwertige Bel\u00fcftungssysteme f\u00fcr<br \/>\nkommunale und industrielle Kl\u00e4ranlagen erweitert.<\/p>\n<p style=\"text-align: center;\">Mit dem HE\u00ae Programm bieten wir unseren effizienzorientierten Kunden umfassende M\u00f6glichkeiten auf Ihren<br \/>\nKl\u00e4ranlagen nachhaltig Energie zu sparen und die Leistung Ihres Bel\u00fcftungssystems zu optimieren.<\/p>\n<p style=\"text-align: center;\"><strong>TECHNOFLUID GMBH &#8211; Partner der OTT Group<\/strong><\/p>\n<div id='gallery-1' class='gallery galleryid-13 gallery-columns-1 gallery-size-medium'><figure class='gallery-item'>\n\t\t\t<div class='gallery-icon landscape'>\n\t\t\t\t<a href='https:\/\/www.technofluid.at\/wp-content\/uploads\/2016\/01\/WWTP-Hanau_heller_RGB-e1470930736951.jpg' rel=\"lightbox[13]\"><img width=\"300\" height=\"225\" src=\"https:\/\/www.technofluid.at\/wp-content\/uploads\/2016\/01\/WWTP-Hanau_heller_RGB-300x225.jpg\" class=\"attachment-medium size-medium\" alt=\"\" loading=\"lazy\" srcset=\"https:\/\/www.technofluid.at\/wp-content\/uploads\/2016\/01\/WWTP-Hanau_heller_RGB-300x225.jpg 300w, https:\/\/www.technofluid.at\/wp-content\/uploads\/2016\/01\/WWTP-Hanau_heller_RGB-768x576.jpg 768w, https:\/\/www.technofluid.at\/wp-content\/uploads\/2016\/01\/WWTP-Hanau_heller_RGB-1024x768.jpg 1024w, https:\/\/www.technofluid.at\/wp-content\/uploads\/2016\/01\/WWTP-Hanau_heller_RGB-e1470930736951.jpg 1280w\" sizes=\"(max-width: 300px) 100vw, 300px\" \/><\/a>\n\t\t\t<\/div><\/figure>\n\t\t<\/div>\n\n","protected":false},"excerpt":{"rendered":"<p>Die Firma OTT in Langenhagen stellt seit mehr als 25 Jahren MAGNUM\u00ae und STANDARD\u00ae Membranrohrbel\u00fcfter sowie FLEXNORM\u00ae und FLEXSIL\u00ae Membranen her. Mit den neuesten Entwicklungen wie AIRREX-Rohrleitungssysteme und D-REX &#8211; Tellerbel\u00fcfter mit FLEXLON-Membranen wurde unser Angebot f\u00fcr hochwertige Bel\u00fcftungssysteme f\u00fcr<\/p>\n","protected":false},"author":1,"featured_media":0,"parent":0,"menu_order":0,"comment_status":"closed","ping_status":"closed","template":"","meta":[],"_links":{"self":[{"href":"https:\/\/www.technofluid.at\/index.php?rest_route=\/wp\/v2\/pages\/13"}],"collection":[{"href":"https:\/\/www.technofluid.at\/index.php?rest_route=\/wp\/v2\/pages"}],"about":[{"href":"https:\/\/www.technofluid.at\/index.php?rest_route=\/wp\/v2\/types\/page"}],"author":[{"embeddable":true,"href":"https:\/\/www.technofluid.at\/index.php?rest_route=\/wp\/v2\/users\/1"}],"replies":[{"embeddable":true,"href":"https:\/\/www.technofluid.at\/index.php?rest_route=%2Fwp%2Fv2%2Fcomments&post=13"}],"version-history":[{"count":15,"href":"https:\/\/www.technofluid.at\/index.php?rest_route=\/wp\/v2\/pages\/13\/revisions"}],"predecessor-version":[{"id":406,"href":"https:\/\/www.technofluid.at\/index.php?rest_route=\/wp\/v2\/pages\/13\/revisions\/406"}],"wp:attachment":[{"href":"https:\/\/www.technofluid.at\/index.php?rest_route=%2Fwp%2Fv2%2Fmedia&parent=13"}],"curies":[{"name":"wp","href":"https:\/\/api.w.org\/{rel}","templated":true}]}}