{"id":61,"date":"2016-03-18T22:47:53","date_gmt":"2016-03-18T21:47:53","guid":{"rendered":"https:\/\/host11.ssl-secured.eu\/technofluid_at\/wp\/?page_id=61"},"modified":"2018-11-20T13:52:54","modified_gmt":"2018-11-20T12:52:54","slug":"gfk-glasfaserverstaerkte-kunststoffe","status":"publish","type":"page","link":"https:\/\/www.technofluid.at\/?page_id=61","title":{"rendered":"GFK &#8211; glasfaserverst\u00e4rkte Kunststoffe"},"content":{"rendered":"<p><strong>Die Firma TECHNOFLUID GmbH ist seit \u00fcber 15 Jahren auf dem Composite Markt t\u00e4tig.<a href=\"https:\/\/www.technofluid.at\/wp-content\/uploads\/2016\/03\/GEL\u00c4NDER-03.jpg\" rel=\"lightbox[61]\"><img loading=\"lazy\" class=\"alignright wp-image-98 size-medium\" src=\"https:\/\/www.technofluid.at\/wp-content\/uploads\/2016\/03\/GEL\u00c4NDER-03-300x225.jpg\" alt=\"GFK Gel\u00e4ndert\" width=\"300\" height=\"225\" srcset=\"https:\/\/www.technofluid.at\/wp-content\/uploads\/2016\/03\/GEL\u00c4NDER-03-300x225.jpg 300w, https:\/\/www.technofluid.at\/wp-content\/uploads\/2016\/03\/GEL\u00c4NDER-03-768x576.jpg 768w, https:\/\/www.technofluid.at\/wp-content\/uploads\/2016\/03\/GEL\u00c4NDER-03-1024x768.jpg 1024w, https:\/\/www.technofluid.at\/wp-content\/uploads\/2016\/03\/GEL\u00c4NDER-03.jpg 2048w\" sizes=\"(max-width: 300px) 100vw, 300px\" \/><\/a><\/strong><\/p>\n<p>Unsere Partner verf\u00fcgen \u00fcber gutsortierte Lager mit vielen Varianten an GFK Gitterrosten und Standardprofilen, was uns eine schnelle und flexible Belieferung unserer Kunden erm\u00f6glicht. Durch modernste Produktionsmethoden k\u00f6nnen wir auch Sonderprofile nach speziellen Kundenw\u00fcnschen schnell und in hoher Qualit\u00e4t fertigen.<br \/>\nWir k\u00f6nnen Ihnen \u00a0komplette Tragwerkskonstruktionen wie Treppen, Laufstege, B\u00fchnen, Gel\u00e4nder und Leitern aus GFK von der kompletten Planung bis hin zur fertigen Montage anbieten.<\/p>\n<p><strong><br \/>\nGlasfaserverst\u00e4rkte Kunststoffe \u00a0(GFK)<br \/>\n<\/strong><strong>Viele Vorteile vereint in einem Werkstoff &#8211; \u00fcberzeugen Sie sich selbst!<\/strong><\/p>\n<p><strong>\u00d6kobilanz <\/strong>\u2013 GFK ist wirtschaftlicher als Holz oder Stahl! Der Energieaufwand bei der Produktion von GFK ist im Vergleich zu Stahl um ein vierfaches<br \/>\nund bei Aluminium sogar um ein sechs\u00adfaches geringer. GFK ist au\u00dferdem zu 100% recyclebar und kann problemlos entsorgt werden.<\/p>\n","protected":false},"excerpt":{"rendered":"<p>Die Firma TECHNOFLUID GmbH ist seit \u00fcber 15 Jahren auf dem Composite Markt t\u00e4tig. Unsere Partner verf\u00fcgen \u00fcber gutsortierte Lager mit vielen Varianten an GFK Gitterrosten und Standardprofilen, was uns eine schnelle und flexible Belieferung unserer Kunden erm\u00f6glicht. Durch modernste<\/p>\n","protected":false},"author":1,"featured_media":0,"parent":0,"menu_order":0,"comment_status":"closed","ping_status":"closed","template":"","meta":[],"_links":{"self":[{"href":"https:\/\/www.technofluid.at\/index.php?rest_route=\/wp\/v2\/pages\/61"}],"collection":[{"href":"https:\/\/www.technofluid.at\/index.php?rest_route=\/wp\/v2\/pages"}],"about":[{"href":"https:\/\/www.technofluid.at\/index.php?rest_route=\/wp\/v2\/types\/page"}],"author":[{"embeddable":true,"href":"https:\/\/www.technofluid.at\/index.php?rest_route=\/wp\/v2\/users\/1"}],"replies":[{"embeddable":true,"href":"https:\/\/www.technofluid.at\/index.php?rest_route=%2Fwp%2Fv2%2Fcomments&post=61"}],"version-history":[{"count":26,"href":"https:\/\/www.technofluid.at\/index.php?rest_route=\/wp\/v2\/pages\/61\/revisions"}],"predecessor-version":[{"id":431,"href":"https:\/\/www.technofluid.at\/index.php?rest_route=\/wp\/v2\/pages\/61\/revisions\/431"}],"wp:attachment":[{"href":"https:\/\/www.technofluid.at\/index.php?rest_route=%2Fwp%2Fv2%2Fmedia&parent=61"}],"curies":[{"name":"wp","href":"https:\/\/api.w.org\/{rel}","templated":true}]}}